{"id":1052,"date":"2014-02-27T15:29:17","date_gmt":"2014-02-27T13:29:17","guid":{"rendered":"http:\/\/hausverwaltung-alkenbrecher.de\/?page_id=1052"},"modified":"2015-10-07T14:34:52","modified_gmt":"2015-10-07T12:34:52","slug":"schadensmeldung-versicherung","status":"publish","type":"page","link":"https:\/\/www.hausverwaltung-alkenbrecher.de\/index.php\/kundenbereich\/downloads\/schadensmeldung-versicherung\/","title":{"rendered":"Schadensmeldung"},"content":{"rendered":"<p>Sie m\u00f6chten einen Schaden oder einen Mangel melden, der das Geb\u00e4ude betrifft.<\/p>\n<p>Bitte f\u00fcllen Sie das Kontaktformular gewissenhaft und mit korrekten Angaben aus. Nach Pr\u00fcfung Ihrer Angelegenheit werden wir die notwendigen Schritte einleiten oder uns zur weiteren Kl\u00e4rung des Sachverhaltes wieder bei Ihnen melden.<\/p>\n\n<div class=\"wpcf7 no-js\" id=\"wpcf7-f1053-o1\" lang=\"de-DE\" dir=\"ltr\" data-wpcf7-id=\"1053\">\n<div class=\"screen-reader-response\"><p role=\"status\" aria-live=\"polite\" aria-atomic=\"true\"><\/p> <ul><\/ul><\/div>\n<form action=\"\/index.php\/wp-json\/wp\/v2\/pages\/1052#wpcf7-f1053-o1\" method=\"post\" class=\"wpcf7-form init\" aria-label=\"Kontaktformular\" enctype=\"multipart\/form-data\" novalidate=\"novalidate\" data-status=\"init\">\n<fieldset class=\"hidden-fields-container\"><input type=\"hidden\" name=\"_wpcf7\" value=\"1053\" \/><input type=\"hidden\" name=\"_wpcf7_version\" value=\"6.1.5\" \/><input type=\"hidden\" name=\"_wpcf7_locale\" value=\"de_DE\" \/><input type=\"hidden\" name=\"_wpcf7_unit_tag\" value=\"wpcf7-f1053-o1\" \/><input type=\"hidden\" name=\"_wpcf7_container_post\" value=\"0\" \/><input type=\"hidden\" name=\"_wpcf7_posted_data_hash\" value=\"\" \/>\n<\/fieldset>\n<p>Ihr Name (Pflichtfeld)\n<\/p>\n<p><span class=\"wpcf7-form-control-wrap\" data-name=\"name\"><input size=\"40\" maxlength=\"400\" class=\"wpcf7-form-control wpcf7-text\" aria-invalid=\"false\" value=\"\" type=\"text\" name=\"name\" \/><\/span>\n<\/p>\n<p>Ihre E-Mail-Adresse (Pflichtfeld)\n<\/p>\n<p><span class=\"wpcf7-form-control-wrap\" data-name=\"email-1\"><input size=\"40\" maxlength=\"400\" class=\"wpcf7-form-control wpcf7-email wpcf7-text wpcf7-validates-as-email\" aria-invalid=\"false\" value=\"\" type=\"email\" name=\"email-1\" \/><\/span>\n<\/p>\n<p>Name der Liegenschaft, in der der Schaden aufgetreten ist (Pflichtfeld)\n<\/p>\n<p><span class=\"wpcf7-form-control-wrap\" data-name=\"liegenschaft\"><input size=\"40\" maxlength=\"400\" class=\"wpcf7-form-control wpcf7-text\" aria-invalid=\"false\" value=\"\" type=\"text\" name=\"liegenschaft\" \/><\/span>\n<\/p>\n<p>Schadenstag (Pflichtfeld)\n<\/p>\n<p><span class=\"wpcf7-form-control-wrap\" data-name=\"schadenstag\"><textarea cols=\"40\" rows=\"10\" maxlength=\"2000\" class=\"wpcf7-form-control wpcf7-textarea\" aria-invalid=\"false\" name=\"schadenstag\"><\/textarea><\/span>\n<\/p>\n<p>Wann und durch wen wurde der Schaden gemeldet? (Pflichtfeld)\n<\/p>\n<p><span class=\"wpcf7-form-control-wrap\" data-name=\"wann_wer\"><textarea cols=\"40\" rows=\"10\" maxlength=\"2000\" class=\"wpcf7-form-control wpcf7-textarea\" aria-invalid=\"false\" name=\"wann_wer\"><\/textarea><\/span>\n<\/p>\n<p>Schadensort (Geb\u00e4ude, Wohnungsnr., Raum) (Pflichtfeld)\n<\/p>\n<p><span class=\"wpcf7-form-control-wrap\" data-name=\"schadensort\"><textarea cols=\"40\" rows=\"10\" maxlength=\"2000\" class=\"wpcf7-form-control wpcf7-textarea\" aria-invalid=\"false\" name=\"schadensort\"><\/textarea><\/span>\n<\/p>\n<p>Beschreibung des Schadens \/ was wurde besch\u00e4digt? (Pflichtfeld)\n<\/p>\n<p><span class=\"wpcf7-form-control-wrap\" data-name=\"beschreibung\"><textarea cols=\"40\" rows=\"10\" maxlength=\"2000\" class=\"wpcf7-form-control wpcf7-textarea\" aria-invalid=\"false\" name=\"beschreibung\"><\/textarea><\/span>\n<\/p>\n<p>Wie hoch sch\u00e4tzen Sie die Schadensbeseitigungskosten ein?\n<\/p>\n<p><span class=\"wpcf7-form-control-wrap\" data-name=\"kosten\"><textarea cols=\"40\" rows=\"10\" maxlength=\"2000\" class=\"wpcf7-form-control wpcf7-textarea\" aria-invalid=\"false\" name=\"kosten\"><\/textarea><\/span>\n<\/p>\n<p>Bilder vom Schaden bitte hier einf\u00fcgen (Gr\u00f6\u00dfe maximal 4 Mb pro Bild):\n<\/p>\n<p><span class=\"wpcf7-form-control-wrap\" data-name=\"file-833\"><input size=\"40\" class=\"wpcf7-form-control wpcf7-file\" accept=\"audio\/*,video\/*,image\/*\" aria-invalid=\"false\" type=\"file\" name=\"file-833\" \/><\/span>\n<\/p>\n<p><span class=\"wpcf7-form-control-wrap\" data-name=\"file-834\"><input size=\"40\" class=\"wpcf7-form-control wpcf7-file\" accept=\"audio\/*,video\/*,image\/*\" aria-invalid=\"false\" type=\"file\" name=\"file-834\" \/><\/span>\n<\/p>\n<p><span class=\"wpcf7-form-control-wrap\" data-name=\"file-835\"><input size=\"40\" class=\"wpcf7-form-control wpcf7-file\" accept=\"audio\/*,video\/*,image\/*\" aria-invalid=\"false\" type=\"file\" name=\"file-835\" \/><\/span>\n<\/p>\n<p><span class=\"wpcf7-form-control-wrap\" data-name=\"file-836\"><input size=\"40\" class=\"wpcf7-form-control wpcf7-file\" accept=\"audio\/*,video\/*,image\/*\" aria-invalid=\"false\" type=\"file\" name=\"file-836\" \/><\/span>\n<\/p>\n<p>Hiermit best\u00e4tige ich, dass ich die Datenschutzbestimmungen gelesen und akzeptiert habe:<br \/>\n<a href=\"https:\/\/www.hausverwaltung-alkenbrecher.de\/index.php\/datenschutz\/\">Datenschutzbestimmungen ansehen<\/a>\n<\/p>\n<p><span class=\"wpcf7-form-control-wrap\" data-name=\"checkbox-742\"><span class=\"wpcf7-form-control wpcf7-checkbox wpcf7-validates-as-required\"><span class=\"wpcf7-list-item first last\"><input type=\"checkbox\" name=\"checkbox-742[]\" value=\"Ja\" \/><span class=\"wpcf7-list-item-label\">Ja<\/span><\/span><\/span><\/span>\n<\/p>\n<p>Bitte geben Sie den folgenden Code ein (Gro\u00df- \/Kleinschreibung beachten):<br \/>\n<input type=\"hidden\" name=\"_wpcf7_captcha_challenge_captcha-845\" value=\"2628971179\" \/><img loading=\"lazy\" decoding=\"async\" class=\"wpcf7-form-control wpcf7-captchac wpcf7-captcha-captcha-845\" width=\"72\" height=\"24\" alt=\"captcha\" src=\"https:\/\/www.hausverwaltung-alkenbrecher.de\/wp-content\/uploads\/wpcf7_captcha\/2628971179.png\" \/>\n<\/p>\n<p><span class=\"wpcf7-form-control-wrap\" data-name=\"captcha-845\"><input size=\"40\" class=\"wpcf7-form-control wpcf7-captchar\" autocomplete=\"off\" aria-invalid=\"false\" value=\"\" type=\"text\" name=\"captcha-845\" \/><\/span>\n<\/p>\n<p><input class=\"wpcf7-form-control wpcf7-submit has-spinner\" type=\"submit\" value=\"Senden\" \/>\n<\/p><div class=\"wpcf7-response-output\" aria-hidden=\"true\"><\/div>\n<\/form>\n<\/div>\n\n","protected":false},"excerpt":{"rendered":"<p>Sie m\u00f6chten einen Schaden oder einen Mangel melden, der das Geb\u00e4ude betrifft. Bitte f\u00fcllen Sie das Kontaktformular gewissenhaft und mit korrekten Angaben [&hellip;]<\/p>\n","protected":false},"author":1,"featured_media":0,"parent":7,"menu_order":0,"comment_status":"closed","ping_status":"open","template":"","meta":{"footnotes":""},"class_list":["post-1052","page","type-page","status-publish","hentry"],"_links":{"self":[{"href":"https:\/\/www.hausverwaltung-alkenbrecher.de\/index.php\/wp-json\/wp\/v2\/pages\/1052","targetHints":{"allow":["GET"]}}],"collection":[{"href":"https:\/\/www.hausverwaltung-alkenbrecher.de\/index.php\/wp-json\/wp\/v2\/pages"}],"about":[{"href":"https:\/\/www.hausverwaltung-alkenbrecher.de\/index.php\/wp-json\/wp\/v2\/types\/page"}],"author":[{"embeddable":true,"href":"https:\/\/www.hausverwaltung-alkenbrecher.de\/index.php\/wp-json\/wp\/v2\/users\/1"}],"replies":[{"embeddable":true,"href":"https:\/\/www.hausverwaltung-alkenbrecher.de\/index.php\/wp-json\/wp\/v2\/comments?post=1052"}],"version-history":[{"count":8,"href":"https:\/\/www.hausverwaltung-alkenbrecher.de\/index.php\/wp-json\/wp\/v2\/pages\/1052\/revisions"}],"predecessor-version":[{"id":1420,"href":"https:\/\/www.hausverwaltung-alkenbrecher.de\/index.php\/wp-json\/wp\/v2\/pages\/1052\/revisions\/1420"}],"up":[{"embeddable":true,"href":"https:\/\/www.hausverwaltung-alkenbrecher.de\/index.php\/wp-json\/wp\/v2\/pages\/7"}],"wp:attachment":[{"href":"https:\/\/www.hausverwaltung-alkenbrecher.de\/index.php\/wp-json\/wp\/v2\/media?parent=1052"}],"curies":[{"name":"wp","href":"https:\/\/api.w.org\/{rel}","templated":true}]}}