{"id":14,"date":"2013-06-30T21:15:59","date_gmt":"2013-06-30T19:15:59","guid":{"rendered":"http:\/\/hausverwaltung-alkenbrecher.de\/?page_id=14"},"modified":"2019-10-29T21:43:40","modified_gmt":"2019-10-29T19:43:40","slug":"impressum","status":"publish","type":"page","link":"https:\/\/www.hausverwaltung-alkenbrecher.de\/index.php\/impressum\/","title":{"rendered":"Impressum"},"content":{"rendered":"<p><strong>Anschrift<\/strong><\/p>\n<p style=\"padding-left: 30px;\">Alkenbrecher Haus- und Immobilienverwaltung GmbH<\/p>\n<p style=\"padding-left: 30px;\">Schillerstra\u00dfe 4<br \/>99096 Erfurt<\/p>\n<p><strong>Vertretungsberechtigte: <\/strong><\/p>\n<p style=\"padding-left: 30px;\">Erik Alkenbrecher &#8211; Gesch\u00e4ftsf\u00fchrer<br \/>Sabine Beck &#8211; Prokura<\/p>\n<p><strong> Aufsichtsbeh\u00f6rde gem\u00e4\u00df \u00a7 34c GewO: <\/strong><\/p>\n<p style=\"padding-left: 30px;\">B\u00fcrgeramt Erfurt<\/p>\n<p style=\"padding-left: 30px;\">Gewerbe- und Aufsichtsangelegenheiten<\/p>\n<p style=\"padding-left: 30px;\">B\u00fcrgermeister-Wagner-Stra\u00dfe 1<\/p>\n<p style=\"padding-left: 30px;\">99084 Erfurt<\/p>\n<p><strong> Handelsregistereintrag: <\/strong><\/p>\n<p style=\"padding-left: 30px;\">AG Jena<br \/>HRB 111493<br \/>St.-Nr:151\/105\/07930<\/p>\n<p style=\"padding-left: 30px;\">USt-IdNr.: DE211355439<\/p>\n<p><strong> T\u00e4tigkeit: <\/strong><\/p>\n<p style=\"padding-left: 30px;\">Immobilienverwalter &#8211; Immobilienmakler<\/p>\n<p style=\"padding-left: 30px;\">Erlaubnis der zust\u00e4ndigen Beh\u00f6rde gem\u00e4\u00df \u00a734c Abs. 1 S.1 Nr. 4 GewO wurde per 14.02.2019 erteilt<\/p>\n<h2>Haftungsausschluss (Disclaimer)<\/h2>\n<p><strong>Haftung f\u00fcr Inhalte<\/strong><\/p>\n<p style=\"padding-left: 30px;\">Die Inhalte unserer Seiten wurden mit gr\u00f6\u00dfter Sorgfalt erstellt.<br \/>F\u00fcr die Richtigkeit, Vollst\u00e4ndigkeit und Aktualit\u00e4t der Inhalte<br \/>k\u00f6nnen wir jedoch keine Gew\u00e4hr \u00fcbernehmen. Als Diensteanbieter sind wir gem\u00e4\u00df \u00a7 7 Abs.1 TMG f\u00fcr<br \/>eigene Inhalte auf diesen Seiten nach den allgemeinen Gesetzen verantwortlich.<br \/>Nach \u00a7\u00a7 8 bis 10 TMG sind wir als Diensteanbieter jedoch nicht<br \/>verpflichtet, \u00fcbermittelte oder gespeicherte fremde Informationen zu<br \/>\u00fcberwachen oder nach Umst\u00e4nden zu forschen, die auf eine rechtswidrige<br \/>T\u00e4tigkeit hinweisen. Verpflichtungen zur Entfernung oder Sperrung der<br \/>Nutzung von Informationen nach den allgemeinen Gesetzen bleiben hiervon<br \/>unber\u00fchrt. Eine diesbez\u00fcgliche Haftung ist jedoch erst ab dem<br \/>Zeitpunkt der Kenntnis einer konkreten Rechtsverletzung m\u00f6glich. Bei<br \/>Bekanntwerden von entsprechenden Rechtsverletzungen werden wir diese Inhalte<br \/>umgehend entfernen.<\/p>\n<p><strong>Haftung f\u00fcr Links<\/strong><\/p>\n<p style=\"padding-left: 30px;\">Unser Angebot enth\u00e4lt Links zu externen Webseiten Dritter, auf deren<br \/>Inhalte wir keinen Einfluss haben. Deshalb k\u00f6nnen wir f\u00fcr diese<br \/>fremden Inhalte auch keine Gew\u00e4hr \u00fcbernehmen. F\u00fcr die Inhalte<br \/>der verlinkten Seiten ist stets der jeweilige Anbieter oder Betreiber der<br \/>Seiten verantwortlich. Die verlinkten Seiten wurden zum Zeitpunkt der Verlinkung<br \/>auf m\u00f6gliche Rechtsverst\u00f6\u00dfe \u00fcberpr\u00fcft. Rechtswidrige<br \/>Inhalte waren zum Zeitpunkt der Verlinkung nicht erkennbar. Eine permanente<br \/>inhaltliche Kontrolle der verlinkten Seiten ist jedoch ohne konkrete Anhaltspunkte<br \/>einer Rechtsverletzung nicht zumutbar. Bei Bekanntwerden von Rechtsverletzungen<br \/>werden wir derartige Links umgehend entfernen.<\/p>\n<p><strong>Urheberrecht<\/strong><\/p>\n<p style=\"padding-left: 30px;\">Die durch die Seitenbetreiber erstellten Inhalte und Werke auf diesen Seiten<br \/>unterliegen dem deutschen Urheberrecht. Die Vervielf\u00e4ltigung, Bearbeitung, Verbreitung und<br \/>jede Art der Verwertung au\u00dferhalb der Grenzen des Urheberrechtes bed\u00fcrfen<br \/>der schriftlichen Zustimmung des jeweiligen Autors bzw. Erstellers. Downloads<br \/>und Kopien dieser Seite sind nur f\u00fcr den privaten, nicht kommerziellen<br \/>Gebrauch gestattet. Soweit die Inhalte auf dieser Seite nicht vom Betreiber erstellt wurden,<br \/>werden die Urheberrechte Dritter beachtet. Insbesondere werden Inhalte Dritter als solche<br \/>gekennzeichnet. Sollten Sie trotzdem auf eine Urheberrechtsverletzung aufmerksam werden, bitten wir um einen entsprechenden Hinweis.<br \/>Bei Bekanntwerden von Rechtsverletzungen werden wir derartige Inhalte umgehend entfernen.<\/p>\n<p><em>Quellenangaben: <a href=\"http:\/\/www.e-recht24.de\/muster-disclaimer.htm\" target=\"_blank\" rel=\"noopener noreferrer\">Disclaimer<\/a> von eRecht24, dem Portal zum Internetrecht von Rechtsanwalt S\u00f6ren Siebert<\/em><\/p>\n\n\n<p><\/p>\n","protected":false},"excerpt":{"rendered":"<p>Anschrift Alkenbrecher Haus- und Immobilienverwaltung GmbH Schillerstra\u00dfe 499096 Erfurt Vertretungsberechtigte: Erik Alkenbrecher &#8211; Gesch\u00e4ftsf\u00fchrerSabine Beck &#8211; Prokura Aufsichtsbeh\u00f6rde gem\u00e4\u00df \u00a7 34c GewO: [&hellip;]<\/p>\n","protected":false},"author":1,"featured_media":0,"parent":0,"menu_order":0,"comment_status":"closed","ping_status":"open","template":"page-templates\/page_fullwidth.php","meta":{"footnotes":""},"class_list":["post-14","page","type-page","status-publish","hentry"],"_links":{"self":[{"href":"https:\/\/www.hausverwaltung-alkenbrecher.de\/index.php\/wp-json\/wp\/v2\/pages\/14","targetHints":{"allow":["GET"]}}],"collection":[{"href":"https:\/\/www.hausverwaltung-alkenbrecher.de\/index.php\/wp-json\/wp\/v2\/pages"}],"about":[{"href":"https:\/\/www.hausverwaltung-alkenbrecher.de\/index.php\/wp-json\/wp\/v2\/types\/page"}],"author":[{"embeddable":true,"href":"https:\/\/www.hausverwaltung-alkenbrecher.de\/index.php\/wp-json\/wp\/v2\/users\/1"}],"replies":[{"embeddable":true,"href":"https:\/\/www.hausverwaltung-alkenbrecher.de\/index.php\/wp-json\/wp\/v2\/comments?post=14"}],"version-history":[{"count":16,"href":"https:\/\/www.hausverwaltung-alkenbrecher.de\/index.php\/wp-json\/wp\/v2\/pages\/14\/revisions"}],"predecessor-version":[{"id":2070,"href":"https:\/\/www.hausverwaltung-alkenbrecher.de\/index.php\/wp-json\/wp\/v2\/pages\/14\/revisions\/2070"}],"wp:attachment":[{"href":"https:\/\/www.hausverwaltung-alkenbrecher.de\/index.php\/wp-json\/wp\/v2\/media?parent=14"}],"curies":[{"name":"wp","href":"https:\/\/api.w.org\/{rel}","templated":true}]}}