{"id":1531,"date":"2015-03-05T10:23:38","date_gmt":"2015-03-05T08:23:38","guid":{"rendered":"http:\/\/hausverwaltung-alkenbrecher.de\/?page_id=1531"},"modified":"2015-10-27T12:53:52","modified_gmt":"2015-10-27T10:53:52","slug":"stoerungsnummern-stadtwerke","status":"publish","type":"page","link":"https:\/\/www.hausverwaltung-alkenbrecher.de\/index.php\/kundenbereich\/stoerungsnummern-stadtwerke\/","title":{"rendered":"St\u00f6rungsnummern Stadtwerke"},"content":{"rendered":"<h4>St\u00f6rungsnummern f\u00fcr die Stadt Erfurt<\/h4>\n<ul>\n<li>Strom\n<ul>\n<li>0361 \/ 564 &#8211; 1000<\/li>\n<\/ul>\n<\/li>\n<li>Gas\n<ul>\n<li>0361 \/ 564 &#8211; 3333<\/li>\n<\/ul>\n<\/li>\n<li>Fernw\u00e4rme\n<ul>\n<li>0361 \/ 564 &#8211; 3000<\/li>\n<\/ul>\n<\/li>\n<li>Wasser\n<ul>\n<li>0361 \/ 51113<\/li>\n<\/ul>\n<\/li>\n<\/ul>\n<p>&nbsp;<\/p>\n<h4>St\u00f6rungsnummern f\u00fcr die Stadt Gotha<\/h4>\n<ul>\n<li>Telefonzentrale\n<ul>\n<li>03621 \/ 433-222<\/li>\n<\/ul>\n<\/li>\n<li>Havarietelefon\n<ul>\n<li>03621 \/ 709751<\/li>\n<\/ul>\n<\/li>\n<\/ul>\n<p>&nbsp;<\/p>\n<h4>St\u00f6rungsnummern f\u00fcr die Stadt Weimar<\/h4>\n<ul>\n<li>Notfallnummern:\n<ul>\n<li>0800 \/ 4341 &#8211; 111<\/li>\n<li>03643 \/ 4341 &#8211; 111<\/li>\n<\/ul>\n<\/li>\n<li>Service-Telefon:\n<ul>\n<li>03643 \/ 4341 &#8211; 0<\/li>\n<\/ul>\n<\/li>\n<\/ul>\n","protected":false},"excerpt":{"rendered":"<p>St\u00f6rungsnummern f\u00fcr die Stadt Erfurt Strom 0361 \/ 564 &#8211; 1000 Gas 0361 \/ 564 &#8211; 3333 Fernw\u00e4rme 0361 \/ 564 &#8211; [&hellip;]<\/p>\n","protected":false},"author":1,"featured_media":0,"parent":45,"menu_order":0,"comment_status":"closed","ping_status":"open","template":"","meta":{"footnotes":""},"class_list":["post-1531","page","type-page","status-publish","hentry"],"_links":{"self":[{"href":"https:\/\/www.hausverwaltung-alkenbrecher.de\/index.php\/wp-json\/wp\/v2\/pages\/1531","targetHints":{"allow":["GET"]}}],"collection":[{"href":"https:\/\/www.hausverwaltung-alkenbrecher.de\/index.php\/wp-json\/wp\/v2\/pages"}],"about":[{"href":"https:\/\/www.hausverwaltung-alkenbrecher.de\/index.php\/wp-json\/wp\/v2\/types\/page"}],"author":[{"embeddable":true,"href":"https:\/\/www.hausverwaltung-alkenbrecher.de\/index.php\/wp-json\/wp\/v2\/users\/1"}],"replies":[{"embeddable":true,"href":"https:\/\/www.hausverwaltung-alkenbrecher.de\/index.php\/wp-json\/wp\/v2\/comments?post=1531"}],"version-history":[{"count":5,"href":"https:\/\/www.hausverwaltung-alkenbrecher.de\/index.php\/wp-json\/wp\/v2\/pages\/1531\/revisions"}],"predecessor-version":[{"id":1749,"href":"https:\/\/www.hausverwaltung-alkenbrecher.de\/index.php\/wp-json\/wp\/v2\/pages\/1531\/revisions\/1749"}],"up":[{"embeddable":true,"href":"https:\/\/www.hausverwaltung-alkenbrecher.de\/index.php\/wp-json\/wp\/v2\/pages\/45"}],"wp:attachment":[{"href":"https:\/\/www.hausverwaltung-alkenbrecher.de\/index.php\/wp-json\/wp\/v2\/media?parent=1531"}],"curies":[{"name":"wp","href":"https:\/\/api.w.org\/{rel}","templated":true}]}}