{"id":182,"date":"2013-07-08T23:35:03","date_gmt":"2013-07-08T21:35:03","guid":{"rendered":"http:\/\/hausverwaltung-alkenbrecher.de\/?page_id=182"},"modified":"2016-04-13T09:05:46","modified_gmt":"2016-04-13T07:05:46","slug":"anfrage","status":"publish","type":"page","link":"https:\/\/www.hausverwaltung-alkenbrecher.de\/index.php\/kontakt\/anfrage\/","title":{"rendered":"Nachricht senden"},"content":{"rendered":"<p>F\u00fcr die Nachbestellung von Schl\u00fcsseln oder Schadensmeldungen nutzen Sie bitte unsere speziellen Formulare im <a title=\"Downloads und Formulare\" href=\"https:\/\/www.hausverwaltung-alkenbrecher.de\/index.php\/kundenbereich\/downloads\/\">Kundenbereich<\/a>. Diese erm\u00f6glichen eine schnellstm\u00f6gliche Bearbeitung Ihrer Angelegenheit.<\/p>\n<p>Unsere Mitarbeiter werden sich umgehend mit Ihrer Nachricht befassen und reagieren. Bei weiterem Abstimmungsbedarf werden wir selbstverst\u00e4ndlich schnellstm\u00f6glich Kontakt mit Ihnen aufnehmen.<\/p>\n<p>&nbsp;<\/p>\n\n<div class=\"wpcf7 no-js\" id=\"wpcf7-f181-o1\" lang=\"en-US\" dir=\"ltr\" data-wpcf7-id=\"181\">\n<div class=\"screen-reader-response\"><p role=\"status\" aria-live=\"polite\" aria-atomic=\"true\"><\/p> <ul><\/ul><\/div>\n<form action=\"\/index.php\/wp-json\/wp\/v2\/pages\/182#wpcf7-f181-o1\" method=\"post\" class=\"wpcf7-form init\" aria-label=\"Contact form\" enctype=\"multipart\/form-data\" novalidate=\"novalidate\" data-status=\"init\">\n<fieldset class=\"hidden-fields-container\"><input type=\"hidden\" name=\"_wpcf7\" value=\"181\" \/><input type=\"hidden\" name=\"_wpcf7_version\" value=\"6.1.5\" \/><input type=\"hidden\" name=\"_wpcf7_locale\" value=\"en_US\" \/><input type=\"hidden\" name=\"_wpcf7_unit_tag\" value=\"wpcf7-f181-o1\" \/><input type=\"hidden\" name=\"_wpcf7_container_post\" value=\"0\" \/><input type=\"hidden\" name=\"_wpcf7_posted_data_hash\" value=\"\" \/>\n<\/fieldset>\n<h3>Ihre Nachricht\n<\/h3>\n<p>Ihr Name (Pflichtfeld)\n<\/p>\n<p><span class=\"wpcf7-form-control-wrap\" data-name=\"your-name\"><input size=\"40\" maxlength=\"400\" class=\"wpcf7-form-control wpcf7-text wpcf7-validates-as-required\" aria-required=\"true\" aria-invalid=\"false\" value=\"\" type=\"text\" name=\"your-name\" \/><\/span>\n<\/p>\n<p>Ihre Mailadresse (Pflichtfeld)\n<\/p>\n<p><span class=\"wpcf7-form-control-wrap\" data-name=\"your-email\"><input size=\"40\" maxlength=\"400\" class=\"wpcf7-form-control wpcf7-email wpcf7-validates-as-required wpcf7-text wpcf7-validates-as-email\" aria-required=\"true\" aria-invalid=\"false\" value=\"\" type=\"email\" name=\"your-email\" \/><\/span>\n<\/p>\n<p>Ihre Telefonnummer\n<\/p>\n<p><span class=\"wpcf7-form-control-wrap\" data-name=\"tel-602\"><input size=\"40\" maxlength=\"400\" class=\"wpcf7-form-control wpcf7-tel wpcf7-text wpcf7-validates-as-tel\" aria-invalid=\"false\" value=\"\" type=\"tel\" name=\"tel-602\" \/><\/span>\n<\/p>\n<p>Wann k\u00f6nnen wir Sie im Regelfall telefonisch erreichen? (Bitte beachten Sie unsere \u00d6ffnungszeiten)\n<\/p>\n<p><span class=\"wpcf7-form-control-wrap\" data-name=\"textarea-903\"><textarea cols=\"40\" rows=\"10\" maxlength=\"200\" class=\"wpcf7-form-control wpcf7-textarea\" aria-invalid=\"false\" name=\"textarea-903\"><\/textarea><\/span>\n<\/p>\n<p>Bitte schildern Sie hier kurz Ihr Anliegen(max 2000 Zeichen)\n<\/p>\n<p><span class=\"wpcf7-form-control-wrap\" data-name=\"textarea-902\"><textarea cols=\"40\" rows=\"10\" maxlength=\"2000\" class=\"wpcf7-form-control wpcf7-textarea\" aria-invalid=\"false\" name=\"textarea-902\"><\/textarea><\/span>\n<\/p>\n<p>Bei Bedarf k\u00f6nnen Sie hier Dateien bis zu einer Gr\u00f6\u00dfe von je 5 MB anh\u00e4ngen.<br \/>\nZul\u00e4ssige Dateitypen: pdf, doc, docx, tiff, jpg, png, gif, jpeg, odt\n<\/p>\n<p><span class=\"wpcf7-form-control-wrap\" data-name=\"file-73\"><input size=\"40\" class=\"wpcf7-form-control wpcf7-file\" accept=\".pdf,.doc,.docx,.tiff,.jpg,.png,.gif,.jpeg,.odt\" aria-invalid=\"false\" type=\"file\" name=\"file-73\" \/><\/span><br \/>\n<span class=\"wpcf7-form-control-wrap\" data-name=\"file-74\"><input size=\"40\" class=\"wpcf7-form-control wpcf7-file\" accept=\".pdf,.doc,.docx,.tiff,.jpg,.png,.gif,.jpeg,.odt\" aria-invalid=\"false\" type=\"file\" name=\"file-74\" \/><\/span><br \/>\n<span class=\"wpcf7-form-control-wrap\" data-name=\"file-75\"><input size=\"40\" class=\"wpcf7-form-control wpcf7-file\" accept=\".pdf,.doc,.docx,.tiff,.jpg,.png,.gif,.jpeg,.odt\" aria-invalid=\"false\" type=\"file\" name=\"file-75\" \/><\/span><br \/>\n<span class=\"wpcf7-form-control-wrap\" data-name=\"file-76\"><input size=\"40\" class=\"wpcf7-form-control wpcf7-file\" accept=\".pdf,.doc,.docx,.tiff,.jpg,.png,.gif,.jpeg,.odt\" aria-invalid=\"false\" type=\"file\" name=\"file-76\" \/><\/span><br \/>\n<span class=\"wpcf7-form-control-wrap\" data-name=\"file-77\"><input size=\"40\" class=\"wpcf7-form-control wpcf7-file\" accept=\".pdf,.doc,.docx,.tiff,.jpg,.png,.gif,.jpeg,.odt\" aria-invalid=\"false\" type=\"file\" name=\"file-77\" \/><\/span>\n<\/p>\n<h3>Anti-Spam Abfrage\n<\/h3>\n<p>Bitte geben Sie die angezeigte Ziffern-\/Buchstabenfolge in das unten stehende Feld ein (Pflichtangabe, bitte Gro\u00df- \/Kleinschreibung beachten)\n<\/p>\n<p><input type=\"hidden\" name=\"_wpcf7_captcha_challenge_captcha-940\" value=\"3619376001\" \/><img loading=\"lazy\" decoding=\"async\" class=\"wpcf7-form-control wpcf7-captchac wpcf7-captcha-captcha-940\" width=\"84\" height=\"28\" alt=\"captcha\" src=\"https:\/\/www.hausverwaltung-alkenbrecher.de\/wp-content\/uploads\/wpcf7_captcha\/3619376001.png\" \/>\n<\/p>\n<p><span class=\"wpcf7-form-control-wrap\" data-name=\"captcha-940\"><input size=\"40\" class=\"wpcf7-form-control wpcf7-captchar\" autocomplete=\"off\" aria-invalid=\"false\" value=\"\" type=\"text\" name=\"captcha-940\" \/><\/span>\n<\/p>\n<h3>Datenschutzbestimmungen\n<\/h3>\n<p><br \/>\nDas Akzeptieren unserer <a href=\"https:\/\/www.hausverwaltung-alkenbrecher.de\/index.php\/datenschutz\/\" target=\"_blank\">Datenschutzbestimmungen<\/a> ist Voraussetzung, um Daten per Kontaktformular an uns zu \u00fcbermitteln.<br \/>\n<a href=\"https:\/\/www.hausverwaltung-alkenbrecher.de\/index.php\/datenschutz\/\" target=\"_blank\">Lesen Sie hier unsere Datenschutzbestimmungen, bevor Sie fortfahren.<\/a>\n<\/p>\n<p><span class=\"wpcf7-form-control-wrap\" data-name=\"checkbox-742\"><span class=\"wpcf7-form-control wpcf7-checkbox wpcf7-validates-as-required\"><span class=\"wpcf7-list-item first last\"><input type=\"checkbox\" name=\"checkbox-742[]\" value=\"Hiermit best\u00e4tige ich, dass ich die Datenschutzbestimmungen der Alkenbrecher Haus- und Immobilienverwaltung GmbH gelesen habe und diese akzeptiere.\" \/><span class=\"wpcf7-list-item-label\">Hiermit best\u00e4tige ich, dass ich die Datenschutzbestimmungen der Alkenbrecher Haus- und Immobilienverwaltung GmbH gelesen habe und diese akzeptiere.<\/span><\/span><\/span><\/span>\n<\/p>\n<p><input class=\"wpcf7-form-control wpcf7-submit has-spinner\" type=\"submit\" value=\"Senden\" \/>\n<\/p><div class=\"wpcf7-response-output\" aria-hidden=\"true\"><\/div>\n<\/form>\n<\/div>\n\n","protected":false},"excerpt":{"rendered":"<p>F\u00fcr die Nachbestellung von Schl\u00fcsseln oder Schadensmeldungen nutzen Sie bitte unsere speziellen Formulare im Kundenbereich. Diese erm\u00f6glichen eine schnellstm\u00f6gliche Bearbeitung Ihrer Angelegenheit. [&hellip;]<\/p>\n","protected":false},"author":1,"featured_media":0,"parent":814,"menu_order":0,"comment_status":"closed","ping_status":"closed","template":"page-templates\/page_fullwidth.php","meta":{"footnotes":""},"class_list":["post-182","page","type-page","status-publish","hentry"],"_links":{"self":[{"href":"https:\/\/www.hausverwaltung-alkenbrecher.de\/index.php\/wp-json\/wp\/v2\/pages\/182","targetHints":{"allow":["GET"]}}],"collection":[{"href":"https:\/\/www.hausverwaltung-alkenbrecher.de\/index.php\/wp-json\/wp\/v2\/pages"}],"about":[{"href":"https:\/\/www.hausverwaltung-alkenbrecher.de\/index.php\/wp-json\/wp\/v2\/types\/page"}],"author":[{"embeddable":true,"href":"https:\/\/www.hausverwaltung-alkenbrecher.de\/index.php\/wp-json\/wp\/v2\/users\/1"}],"replies":[{"embeddable":true,"href":"https:\/\/www.hausverwaltung-alkenbrecher.de\/index.php\/wp-json\/wp\/v2\/comments?post=182"}],"version-history":[{"count":5,"href":"https:\/\/www.hausverwaltung-alkenbrecher.de\/index.php\/wp-json\/wp\/v2\/pages\/182\/revisions"}],"predecessor-version":[{"id":1792,"href":"https:\/\/www.hausverwaltung-alkenbrecher.de\/index.php\/wp-json\/wp\/v2\/pages\/182\/revisions\/1792"}],"up":[{"embeddable":true,"href":"https:\/\/www.hausverwaltung-alkenbrecher.de\/index.php\/wp-json\/wp\/v2\/pages\/814"}],"wp:attachment":[{"href":"https:\/\/www.hausverwaltung-alkenbrecher.de\/index.php\/wp-json\/wp\/v2\/media?parent=182"}],"curies":[{"name":"wp","href":"https:\/\/api.w.org\/{rel}","templated":true}]}}