{"id":2101,"date":"2020-03-18T11:10:46","date_gmt":"2020-03-18T09:10:46","guid":{"rendered":"https:\/\/www.hausverwaltung-alkenbrecher.de\/?page_id=2101"},"modified":"2023-01-18T12:33:36","modified_gmt":"2023-01-18T10:33:36","slug":"weiterbildungsnachweis","status":"publish","type":"page","link":"https:\/\/www.hausverwaltung-alkenbrecher.de\/index.php\/das-unternehmen\/weiterbildungsnachweis\/","title":{"rendered":"Weiterbildungsnachweise"},"content":{"rendered":"<p>Unsere Mitarbeiter nehmen regelm\u00e4\u00dfig an Weiterbildungsma\u00dfnahmen teil, um den komplexen Aufgabenbereichen einer Hausverwaltung gerecht zu werden.&nbsp;<\/p>\n<p>Seminare, die als Weiterbildungsma\u00dfnahmen entsprechend des \u00a734c GewO anerkannt sind, f\u00fchren wir ab dem Jahr 2018 regelm\u00e4\u00dfig im folgenden Absatz auf.<\/p>\n\n\n<figure class=\"wp-block-table is-style-stripes\"><table><tbody><tr><td><strong>Datum<\/strong><\/td><td class=\"has-text-align-left\" data-align=\"left\"><strong>Veranstalter, Thema<\/strong><\/td><td><strong>Zeitstunden<\/strong><\/td><\/tr><tr><td>18.01.2023<\/td><td class=\"has-text-align-left\" data-align=\"left\">GOING PUBLIC! Akademie, zertifizierter Verwalter<\/td><td>20,00<\/td><\/tr><tr><td>05.12.2022<\/td><td class=\"has-text-align-left\" data-align=\"left\"><strong>Alle Mitarbeiter des Unternehmens haben sich mit Bestehen der IHK-Pr\u00fcfung zum zertifizierten Verwalter qualifiziert!<\/strong><\/td><td>&#8211;<\/td><\/tr><tr><td>05.07.2022<\/td><td class=\"has-text-align-left\" data-align=\"left\">VDIV, Mitteldeutsches Sommerforum 2022<\/td><td>4,50<\/td><\/tr><tr><td>04.12.2020<\/td><td class=\"has-text-align-left\" data-align=\"left\">VDIV, Privilegierte Ma\u00dfnahmen nach der WEG-Reform und ihre Umsetzung<\/td><td>1,75<\/td><\/tr><tr><td>12.10.2020<\/td><td class=\"has-text-align-left\" data-align=\"left\">VDIV, WEG-Reform<\/td><td>5,25<\/td><\/tr><tr><td>15.09.2020<\/td><td class=\"has-text-align-left\" data-align=\"left\">IVD, Aktuelle Rechtssprechung im Immobilienrecht<\/td><td>4,00<\/td><\/tr><tr><td>29.06.2020<\/td><td class=\"has-text-align-left\" data-align=\"left\">Esche\/Sch\u00fcmann\/Commichau, Webinar Umsatzsteuersenkung 19% auf 16%<\/td><td>1,00<\/td><\/tr><tr><td>12.03.2020<\/td><td class=\"has-text-align-left\" data-align=\"left\">BVI, Erfurter Verwaltertag 2020<\/td><td>4,50<\/td><\/tr><tr><td>11.03.2020<\/td><td class=\"has-text-align-left\" data-align=\"left\">ISTA, Weiterbildungsseminar<\/td><td>6,00<\/td><\/tr><tr><td>03.03.2020<\/td><td class=\"has-text-align-left\" data-align=\"left\">VDIV, Fachseminar &#8222;Zensus 2021&#8220;<\/td><td>2,75<\/td><\/tr><tr><td>29.08.2019<\/td><td class=\"has-text-align-left\" data-align=\"left\">DDIV, Fachseminar &#8222;Beschwerdemanagement&#8220;<\/td><td>5,25<\/td><\/tr><tr><td>17.11.2018<\/td><td class=\"has-text-align-left\" data-align=\"left\">IHK, Datenschutzbeauftragter<\/td><td>24,00<\/td><\/tr><tr><td>07.03.2018<\/td><td class=\"has-text-align-left\" data-align=\"left\">BVI, Erfurter Verwaltertag 2018<\/td><td>4,50<\/td><\/tr><\/tbody><\/table><\/figure>\n\n\n\n<p><\/p>\n\n\n\n<p><\/p>\n","protected":false},"excerpt":{"rendered":"<p>Unsere Mitarbeiter nehmen regelm\u00e4\u00dfig an Weiterbildungsma\u00dfnahmen teil, um den komplexen Aufgabenbereichen einer Hausverwaltung gerecht zu werden.&nbsp; Seminare, die als Weiterbildungsma\u00dfnahmen entsprechend des [&hellip;]<\/p>\n","protected":false},"author":1,"featured_media":0,"parent":11,"menu_order":0,"comment_status":"closed","ping_status":"closed","template":"page-templates\/page_fullwidth.php","meta":{"footnotes":""},"class_list":["post-2101","page","type-page","status-publish","hentry"],"_links":{"self":[{"href":"https:\/\/www.hausverwaltung-alkenbrecher.de\/index.php\/wp-json\/wp\/v2\/pages\/2101","targetHints":{"allow":["GET"]}}],"collection":[{"href":"https:\/\/www.hausverwaltung-alkenbrecher.de\/index.php\/wp-json\/wp\/v2\/pages"}],"about":[{"href":"https:\/\/www.hausverwaltung-alkenbrecher.de\/index.php\/wp-json\/wp\/v2\/types\/page"}],"author":[{"embeddable":true,"href":"https:\/\/www.hausverwaltung-alkenbrecher.de\/index.php\/wp-json\/wp\/v2\/users\/1"}],"replies":[{"embeddable":true,"href":"https:\/\/www.hausverwaltung-alkenbrecher.de\/index.php\/wp-json\/wp\/v2\/comments?post=2101"}],"version-history":[{"count":11,"href":"https:\/\/www.hausverwaltung-alkenbrecher.de\/index.php\/wp-json\/wp\/v2\/pages\/2101\/revisions"}],"predecessor-version":[{"id":2168,"href":"https:\/\/www.hausverwaltung-alkenbrecher.de\/index.php\/wp-json\/wp\/v2\/pages\/2101\/revisions\/2168"}],"up":[{"embeddable":true,"href":"https:\/\/www.hausverwaltung-alkenbrecher.de\/index.php\/wp-json\/wp\/v2\/pages\/11"}],"wp:attachment":[{"href":"https:\/\/www.hausverwaltung-alkenbrecher.de\/index.php\/wp-json\/wp\/v2\/media?parent=2101"}],"curies":[{"name":"wp","href":"https:\/\/api.w.org\/{rel}","templated":true}]}}