{"id":393,"date":"2013-10-16T19:36:06","date_gmt":"2013-10-16T17:36:06","guid":{"rendered":"http:\/\/hausverwaltung-alkenbrecher.de\/?page_id=393"},"modified":"2016-04-06T16:08:06","modified_gmt":"2016-04-06T14:08:06","slug":"faq","status":"publish","type":"page","link":"https:\/\/www.hausverwaltung-alkenbrecher.de\/index.php\/kundenbereich\/faq\/","title":{"rendered":"Fragen und Antworten"},"content":{"rendered":"<h3>Wo finde ich wichtige Kontaktdaten und Adressen?<\/h3>\n[spoiler show=&#8220;Anzeigen&#8220; hide=&#8220;Verbergen&#8220;]\n<p>Im Falle einer Havarie au\u00dferhalb unserer \u00d6ffnungszeiten beachten Sie bitte den Aushang im Eingangsbereich\/Treppenhaus des Wohnhauses.<\/p>\n<p>Hier befinden sich wichtige Notfallnummern der f\u00fcr das Wohnhaus zust\u00e4ndigen Fachfirmen, sowie in dringenden F\u00e4llen die Havarienummer der Alkenbrecher Haus- und Immobilienverwaltung GmbH.<\/p>\n<p>Wenn m\u00f6glich, rufen Sie bitte direkt die zust\u00e4ndige Fachfirma an, die im Notfall umgehend reagieren wird.<\/p>\n[\/spoiler]\n<p>&nbsp;<\/p>\n<h3>Wann liegt eine <strong>Havarie<\/strong> vor und welche Ma\u00dfnahmen sind zu ergreifen?<\/h3>\n<div>\n[spoiler show=&#8220;Anzeigen&#8220; hide=&#8220;Verbergen&#8220;]\n<p style=\"padding-left: 30px;\">Eine Havarie liegt vor, sobald absolut dringender Handlungsbedarf erforderlich ist, um Folgesch\u00e4den an der Bausubstanz zu vermeiden, oder durch einen Schaden im Geb\u00e4ude unmittelbare Gefahr f\u00fcr Personen besteht.<\/p>\n<p style=\"padding-left: 30px;\">Klassische Beispiele sind der Bruch einer wasserf\u00fchrenden Leitung, oder der Ausfall der gesamten Heizanlage.<\/p>\n<p style=\"padding-left: 30px;\">Im Falle einer Havarie rufen Sie bitte unsere Festnetznummer im B\u00fcro an &#8211; <a title=\"Kontakt\/Anfahrt\" href=\"https:\/\/www.hausverwaltung-alkenbrecher.de\/index.php\/kontakt\/\">hier<\/a> gelangen Sie zu unseren Kontaktdaten. Falls Sie au\u00dferhalb unserer \u00d6ffnungszeiten anrufen, wird Ihnen am Anrufbeantworter die Havarienummer genannt. Auf dieser Nummer erreichen Sie uns au\u00dferhalb unserer Gesch\u00e4ftszeiten.<\/p>\n<p style=\"padding-left: 30px;\">Je nach M\u00f6glichkeit k\u00f6nnen Sie vor Ort bereits erste Ma\u00dfnahmen ergreifen &#8211; z.Bsp. im Fall eines Rohrbruches. Hier kann sofortiges Zudrehen der Absperrh\u00e4hne immense Folgesch\u00e4den vermeiden. Beachten Sie dazu auch unseren <a href=\"https:\/\/www.hausverwaltung-alkenbrecher.de\/index.php\/kundenbereich\/ratgeber-havariefall\/\">Ratgeber f\u00fcr den Havariefall<\/a>.<\/p>\n[\/spoiler]\n<p>&nbsp;<\/p>\n<h3>Ich habe einen Mangel<strong> am oder im Geb\u00e4ude<\/strong>\u00a0entdeckt. Wie verhalte ich mich?<\/h3>\n<div>\n[spoiler show=&#8220;Anzeigen&#8220; hide=&#8220;Verbergen&#8220;]\n<p style=\"padding-left: 30px;\">Ebenso wie Sie sind wir daran interessiert, das Geb\u00e4ude in einem gepflegten Zustand zu halten. Deshalb freuen wir uns \u00fcber jede Unterst\u00fctzung Ihrerseits.<\/p>\n<p style=\"padding-left: 30px;\">Gern k\u00f6nnen Sie unser <a href=\"https:\/\/www.hausverwaltung-alkenbrecher.de\/index.php\/kundenbereich\/downloads\/schadensmeldung\/\">Formular<\/a> zur Angabe von M\u00e4ngeln nutzen &#8211; dies erm\u00f6glicht uns eine schnelle Bearbeitung Ihres Anliegens.<\/p>\n<p style=\"padding-left: 30px;\">ps: Um die Dringlichkeit schnellstm\u00f6glich beurteilen zu k\u00f6nnen, sind wir dankbar f\u00fcr die Einreichung von Bildern. Diese k\u00f6nnen Sie dem Formular als Anhang beif\u00fcgen.<\/p>\n[\/spoiler]\n<p>&nbsp;<\/p>\n<h3>Ich bin Mieter habe einen Mangel<strong> innerhalb der Wohnung<\/strong>\u00a0festgestellt. Was ist zu tun?<\/h3>\n<div>\n[spoiler show=&#8220;Anzeigen&#8220; hide=&#8220;Verbergen&#8220;]\n<p style=\"padding-left: 30px;\">Zun\u00e4chst ist hier zu unterscheiden, um welche Art von Mangel es sich handelt:<\/p>\n<p style=\"padding-left: 30px;\">Liegt die <strong>Ursache<\/strong> des Mangels Ihrer Einsch\u00e4tzung nach\u00a0<strong>au\u00dferhalb<\/strong>\u00a0der Wohnung, sind wir in jedem Fall Ihr Ansprechpartner. Ein klassisches Beispiel ist der Ausfall der Heizung.<\/p>\n<p style=\"padding-left: 30px;\">Gleiches gilt f\u00fcr Leitungswassersch\u00e4den, Sch\u00e4den durch Blitzeinschlag\/\u00dcberspannung, Brand-, Sturm-, Hagel- und Elementarsch\u00e4den.<\/p>\n<p style=\"padding-left: 30px;\">Liegt die Ursache des Mangels innerhalb Ihrer Wohnung, und f\u00e4llt nicht unter die obigen Gesichtspunkte, handelt es sich um das Eigentum des Vermieters.<\/p>\n<p style=\"padding-left: 30px;\">Zun\u00e4chst ist zu kl\u00e4ren, ob wir in Ihrem Fall als Vertretungsberechtigte auftreten:<\/p>\n<p style=\"padding-left: 30px;\">Bei Neuabschluss w\u00e4hrend des Bestehens Ihres Mietvertrages haben Sie ggf. ein entsprechendes Schreiben von uns erhalten, in dem wir uns als Vertretungsberechtigte des Vermieters bei Ihnen vorgestellt haben.<\/p>\n<p style=\"padding-left: 30px;\">Ansonsten schauen Sie bitte in Ihren Mietvertrag. Sofern hier ausschlie\u00dflich Ihr Vermieter als Vertragspartner eingetragen ist, wenden Sie sich bitte zun\u00e4chst an ihn.<\/p>\n<p style=\"padding-left: 30px;\"><span id=\"__mceDel\">I<\/span>st im Mietvertrag hingegen die Alkenbrecher Haus- und Immobilienverwaltung GmbH als Vertretungsberechtigter des Vermieters angegeben, k\u00f6nnen Sie uns gern auch bei Sch\u00e4den am Eigentum des Vermieters an uns wenden. Wir werden uns mit Ihrem Vermieter in Verbindung setzen und mit ihm ggf. die weitere Vorgehensweise absprechen.<\/p>\n<p style=\"padding-left: 30px;\">F\u00fcr eine schnelle Bearbeitung bitten wir Sie, dazu unser entsprechend vorbereitetes <a href=\"https:\/\/www.hausverwaltung-alkenbrecher.de\/index.php\/kundenbereich\/downloads\/schadensmeldung\/\">Formular<\/a> zu nutzen.<\/p>\n<p style=\"padding-left: 30px;\"><strong>Sind Sie sich unsicher, wie der Mangel einzuordnen ist, oder wie Sie sich verhalten sollen,\u00a0<a title=\"Kontakt\/Anfahrt\" href=\"https:\/\/www.hausverwaltung-alkenbrecher.de\/index.php\/kontakt\/\">kontaktieren<\/a>\u00a0Sie uns. Wir helfen gern weiter!<\/strong><\/p>\n[\/spoiler]\n<h3>Sie haben kein flie\u00dfend Wasser?<\/h3>\n[spoiler show=&#8220;Anzeigen&#8220; hide=&#8220;Verbergen&#8220;]\n<p>M\u00f6glicherweise liegt ein Problem beim Wasserwerk vor. Konsultieren Sie deshalb vorerst die Stadtwerke und fragen Sie nach, ob in Ihrer Region eine St\u00f6rung seitens der Wasserversorgung vorliegt.<\/p>\n<p><strong>Stadtwerke Erfurt:<\/strong> (0361) 511 &#8211; 13<\/p>\n<p><strong>Stadtwerke Weimar: <\/strong>(03643) 4341 -111<\/p>\n<p>Wenn keine St\u00f6rung bei den Stadtwerken vorliegt, treten Sie bitte mit uns in <a title=\"Kontakt\/Anfahrt\" href=\"https:\/\/www.hausverwaltung-alkenbrecher.de\/index.php\/kontakt\/\">Kontakt<\/a>.<\/p>\n<p>Andernfalls werden Ihnen die Stadtwerke gern Auskunft erteilen, wann mit einer Behebung des Problems zu rechnen ist.<\/p>\n[\/spoiler]\n<h3>Sie haben kein Warmwasser oder die Heizung funktioniert nicht?<\/h3>\n[spoiler show=&#8220;Anzeigen&#8220; hide=&#8220;Verbergen&#8220;]\nInformieren Sie sich zun\u00e4chst bei anderen Bewohnern im Haus, ob auch sie betroffen sind. Diese Info ist sehr wichtig, um die Ursache der Problematik eingrenzen zu k\u00f6nnen.<\/p>\n<p><strong>Achtung:<\/strong> Beachten Sie bitte, dass die Heizanlage in der \u00dcbergangsperiode von Sommer auf Herbst zu festgelegten Zeitpunkten oder bei Erreichen bestimmter Temperaturen auf den Heizbetrieb umschaltet. Unabh\u00e4ngig davon kann die Heizung so eingestellt sein, dass nur zu bestimmten Tageszeiten geheizt wird. Dies ist nicht zwangsweise ein Mangel an der Heizanlage.<\/p>\n<p>Unter Beachtung der genannten Hinweise setzen Sie sich bitte gegebenenfalls mit uns in Verbindung: <a title=\"Kontakt\/Anfahrt\" href=\"https:\/\/www.hausverwaltung-alkenbrecher.de\/index.php\/kontakt\/\">Kontaktaufnahme<\/a>.<\/p>\n[\/spoiler]\n<h3>Sie haben einen Wasserrohrbruch?<\/h3>\n[spoiler show=&#8220;Anzeigen&#8220; hide=&#8220;Verbergen&#8220;]\nBevor Sie weitere Schritte ergreifen, stellen Sie bitte sofort die Absperrh\u00e4hne in Ihrer Wohnung ab. Oft sind diese im Bereich der Wasseruhren zu finden.<\/p>\n<p>Wenn das Abdrehen der Absperrh\u00e4hne in Ihrer Wohnung den Wasseraustritt nicht stoppt, schlie\u00dfen Sie schnellstm\u00f6glich den Hauptabsperrhahn im Keller.<\/p>\n<p>Nachfolgend <a title=\"Kontakt\/Anfahrt\" href=\"https:\/\/www.hausverwaltung-alkenbrecher.de\/index.php\/kontakt\/\">kontaktieren<\/a> Sie uns bitte umgehend.<\/p>\n[\/spoiler]\n<h3>Sie haben einen Stromausfall?<\/h3>\n[spoiler show=&#8220;Anzeigen&#8220; hide=&#8220;Verbergen&#8220;]\u00dcberpr\u00fcfen Sie zuerst den Sicherungskasten auf ausgel\u00f6ste Sicherungen oder einen ausgel\u00f6sten FI-Schutzschalter: Befinden sich alle Schalter in der aktiven Position?<\/p>\n<p>Testen Sie, ob andere elektrische Einrichtungen au\u00dferhalb Ihrer Wohnung funktionst\u00fcchtig sind (z. Bsp. Treppenhauslicht), oder fragen Sie Ihren Nachbarn, ob auch hier der Strom ausgefallen ist.<\/p>\n<p>Wenn Sie keine ausgel\u00f6sten Sicherungen vorfinden k\u00f6nnen und auch elektrische Einrichtungen au\u00dferhalb Ihrer Wohnung nicht funktionst\u00fcchtig sind, kontaktieren Sie bitte die Stadtwerke. Fragen Sie, ob eine St\u00f6rung vorliegt.<\/p>\n<p><strong>Stadtwerke Erfurt<\/strong>: (0361) 564 &#8211; 1000<\/p>\n<p><strong>Stadtwerke Weimar:<\/strong> (03643) 4341 -111<\/p>\n<p>Liegen seitens der Stadtwerke keine Informationen \u00fcber einen Stromausfall vor, setzen Sie sich bitte mit uns in Verbindung: <a title=\"Kontakt\/Anfahrt\" href=\"https:\/\/www.hausverwaltung-alkenbrecher.de\/index.php\/kontakt\/\">Kontakt<\/a>.<\/p>\n[\/spoiler]\n<\/div>\n<\/div>\n<\/div>\n","protected":false},"excerpt":{"rendered":"<p>Wo finde ich wichtige Kontaktdaten und Adressen? [spoiler show=&#8220;Anzeigen&#8220; hide=&#8220;Verbergen&#8220;] Im Falle einer Havarie au\u00dferhalb unserer \u00d6ffnungszeiten beachten Sie bitte den Aushang [&hellip;]<\/p>\n","protected":false},"author":1,"featured_media":0,"parent":45,"menu_order":2,"comment_status":"closed","ping_status":"open","template":"","meta":{"footnotes":""},"class_list":["post-393","page","type-page","status-publish","hentry"],"_links":{"self":[{"href":"https:\/\/www.hausverwaltung-alkenbrecher.de\/index.php\/wp-json\/wp\/v2\/pages\/393","targetHints":{"allow":["GET"]}}],"collection":[{"href":"https:\/\/www.hausverwaltung-alkenbrecher.de\/index.php\/wp-json\/wp\/v2\/pages"}],"about":[{"href":"https:\/\/www.hausverwaltung-alkenbrecher.de\/index.php\/wp-json\/wp\/v2\/types\/page"}],"author":[{"embeddable":true,"href":"https:\/\/www.hausverwaltung-alkenbrecher.de\/index.php\/wp-json\/wp\/v2\/users\/1"}],"replies":[{"embeddable":true,"href":"https:\/\/www.hausverwaltung-alkenbrecher.de\/index.php\/wp-json\/wp\/v2\/comments?post=393"}],"version-history":[{"count":47,"href":"https:\/\/www.hausverwaltung-alkenbrecher.de\/index.php\/wp-json\/wp\/v2\/pages\/393\/revisions"}],"predecessor-version":[{"id":1788,"href":"https:\/\/www.hausverwaltung-alkenbrecher.de\/index.php\/wp-json\/wp\/v2\/pages\/393\/revisions\/1788"}],"up":[{"embeddable":true,"href":"https:\/\/www.hausverwaltung-alkenbrecher.de\/index.php\/wp-json\/wp\/v2\/pages\/45"}],"wp:attachment":[{"href":"https:\/\/www.hausverwaltung-alkenbrecher.de\/index.php\/wp-json\/wp\/v2\/media?parent=393"}],"curies":[{"name":"wp","href":"https:\/\/api.w.org\/{rel}","templated":true}]}}