{"id":425,"date":"2013-10-16T22:57:49","date_gmt":"2013-10-16T20:57:49","guid":{"rendered":"http:\/\/hausverwaltung-alkenbrecher.de\/?page_id=425"},"modified":"2015-10-07T14:34:52","modified_gmt":"2015-10-07T12:34:52","slug":"schadensmeldung","status":"publish","type":"page","link":"https:\/\/www.hausverwaltung-alkenbrecher.de\/index.php\/kundenbereich\/downloads\/schadensmeldung\/","title":{"rendered":"Mangel anzeigen"},"content":{"rendered":"<p>Ebenso wie Sie sind wir daran interessiert, Ihre Liegenschaft in einem gepflegten Zustand zu halten.\u00a0Deshalb freuen wir uns \u00fcber jede Unterst\u00fctzung, wenn Ihnen M\u00e4ngel auffallen.<\/p>\n<p>Bei M\u00e4ngeln<strong> innerhalb Ihrer Wohnung<\/strong> lesen Sie vor Ausf\u00fcllen des Formulars bitte den entsprechenden Eintrag in unserem Bereich &#8222;<a title=\"Fragen und Antworten\" href=\"https:\/\/www.hausverwaltung-alkenbrecher.de\/index.php\/kundenbereich\/faq\/\">Fragen und Antworten<\/a>&#8222;.<\/p>\n<p>&nbsp;<\/p>\n<p><strong>Wir bedanken uns f\u00fcr Ihre Unterst\u00fctzung!<\/strong><\/p>\n<p>&nbsp;<\/p>\n\n<div class=\"wpcf7 no-js\" id=\"wpcf7-f424-o1\" lang=\"de-DE\" dir=\"ltr\" data-wpcf7-id=\"424\">\n<div class=\"screen-reader-response\"><p role=\"status\" aria-live=\"polite\" aria-atomic=\"true\"><\/p> <ul><\/ul><\/div>\n<form action=\"\/index.php\/wp-json\/wp\/v2\/pages\/425#wpcf7-f424-o1\" method=\"post\" class=\"wpcf7-form init\" aria-label=\"Kontaktformular\" enctype=\"multipart\/form-data\" novalidate=\"novalidate\" data-status=\"init\">\n<fieldset class=\"hidden-fields-container\"><input type=\"hidden\" name=\"_wpcf7\" value=\"424\" \/><input type=\"hidden\" name=\"_wpcf7_version\" value=\"6.1.5\" \/><input type=\"hidden\" name=\"_wpcf7_locale\" value=\"de_DE\" \/><input type=\"hidden\" name=\"_wpcf7_unit_tag\" value=\"wpcf7-f424-o1\" \/><input type=\"hidden\" name=\"_wpcf7_container_post\" value=\"0\" \/><input type=\"hidden\" name=\"_wpcf7_posted_data_hash\" value=\"\" \/>\n<\/fieldset>\n<p><b>Personenangaben<\/b>\n<\/p>\n<p>Ihr Name\n<\/p>\n<p><span class=\"wpcf7-form-control-wrap\" data-name=\"your-name\"><input size=\"40\" maxlength=\"80\" class=\"wpcf7-form-control wpcf7-text\" aria-invalid=\"false\" value=\"\" type=\"text\" name=\"your-name\" \/><\/span>\n<\/p>\n<p>Ihre E-Mail-Adresse\n<\/p>\n<p><span class=\"wpcf7-form-control-wrap\" data-name=\"your-email\"><input size=\"40\" maxlength=\"400\" class=\"wpcf7-form-control wpcf7-email wpcf7-validates-as-required wpcf7-text wpcf7-validates-as-email\" aria-required=\"true\" aria-invalid=\"false\" value=\"\" type=\"email\" name=\"your-email\" \/><\/span>\n<\/p>\n<p>Telefonnummer f\u00fcr R\u00fcckfragen\n<\/p>\n<p><span class=\"wpcf7-form-control-wrap\" data-name=\"tel-1\"><input size=\"40\" maxlength=\"400\" class=\"wpcf7-form-control wpcf7-tel wpcf7-text wpcf7-validates-as-tel\" aria-invalid=\"false\" value=\"\" type=\"tel\" name=\"tel-1\" \/><\/span>\n<\/p>\n<p>Telefonnummer 2 f\u00fcr R\u00fcckfragen (optional)\n<\/p>\n<p><span class=\"wpcf7-form-control-wrap\" data-name=\"tel-2\"><input size=\"40\" maxlength=\"400\" class=\"wpcf7-form-control wpcf7-tel wpcf7-text wpcf7-validates-as-tel\" aria-invalid=\"false\" value=\"\" type=\"tel\" name=\"tel-2\" \/><\/span>\n<\/p>\n<p><b>Angaben zum Ort des Mangels<\/b>\n<\/p>\n<p>Stra\u00dfe\n<\/p>\n<p><span class=\"wpcf7-form-control-wrap\" data-name=\"strasse\"><input size=\"40\" maxlength=\"80\" class=\"wpcf7-form-control wpcf7-text\" aria-invalid=\"false\" value=\"\" type=\"text\" name=\"strasse\" \/><\/span>\n<\/p>\n<p>Nummer\n<\/p>\n<p><span class=\"wpcf7-form-control-wrap\" data-name=\"hausnummer\"><input size=\"40\" maxlength=\"4\" class=\"wpcf7-form-control wpcf7-text\" aria-invalid=\"false\" value=\"\" type=\"text\" name=\"hausnummer\" \/><\/span>\n<\/p>\n<p>PLZ\n<\/p>\n<p><span class=\"wpcf7-form-control-wrap\" data-name=\"plz\"><input size=\"40\" maxlength=\"6\" class=\"wpcf7-form-control wpcf7-text\" aria-invalid=\"false\" value=\"\" type=\"text\" name=\"plz\" \/><\/span>\n<\/p>\n<p>Ort\n<\/p>\n<p><span class=\"wpcf7-form-control-wrap\" data-name=\"ort\"><input size=\"40\" maxlength=\"80\" class=\"wpcf7-form-control wpcf7-text\" aria-invalid=\"false\" value=\"\" type=\"text\" name=\"ort\" \/><\/span>\n<\/p>\n<p>Wohnungsnummer, alternativ Lage Ihrer Wohnung im Geb\u00e4ude\n<\/p>\n<p><span class=\"wpcf7-form-control-wrap\" data-name=\"whg\"><input size=\"40\" maxlength=\"80\" class=\"wpcf7-form-control wpcf7-text\" aria-invalid=\"false\" value=\"\" type=\"text\" name=\"whg\" \/><\/span>\n<\/p>\n<p><b>Angaben zum Mangel<\/b>\n<\/p>\n<p>Um welche Art Mangel handelt es sich?\n<\/p>\n<p><span class=\"wpcf7-form-control-wrap\" data-name=\"menu-1\"><select class=\"wpcf7-form-control wpcf7-select wpcf7-validates-as-required\" aria-required=\"true\" aria-invalid=\"false\" name=\"menu-1\"><option value=\"Sachschaden (z.Bsp. Wasser\/Brand)\">Sachschaden (z.Bsp. Wasser\/Brand)<\/option><option value=\"Funktionsst\u00f6rung (z.Bsp. Heizungsausfall)\">Funktionsst\u00f6rung (z.Bsp. Heizungsausfall)<\/option><option value=\"Mangel im\/am Geb\u00e4ude\">Mangel im\/am Geb\u00e4ude<\/option><option value=\"Mangel in der Wohnung\">Mangel in der Wohnung<\/option><option value=\"Sonstiges\">Sonstiges<\/option><\/select><\/span>\n<\/p>\n<p>Wo genau befindet sich der Mangel?\n<\/p>\n<p><span class=\"wpcf7-form-control-wrap\" data-name=\"schadensort\"><textarea cols=\"40\" rows=\"10\" maxlength=\"2000\" class=\"wpcf7-form-control wpcf7-textarea\" aria-invalid=\"false\" name=\"schadensort\"><\/textarea><\/span>\n<\/p>\n<p>Wann wurde der Mangel festgestellt?\n<\/p>\n<p>Datum:\n<\/p>\n<p><span class=\"wpcf7-form-control-wrap\" data-name=\"text-163\"><input size=\"40\" maxlength=\"50\" class=\"wpcf7-form-control wpcf7-text\" aria-invalid=\"false\" value=\"\" type=\"text\" name=\"text-163\" \/><\/span>\n<\/p>\n<p>Uhrzeit (optional):\n<\/p>\n<p><span class=\"wpcf7-form-control-wrap\" data-name=\"zeit\"><input size=\"40\" maxlength=\"100\" class=\"wpcf7-form-control wpcf7-text\" aria-invalid=\"false\" value=\"\" type=\"text\" name=\"zeit\" \/><\/span>\n<\/p>\n<p>Bitte beschreiben Sie den Mangel\/ die St\u00f6rung. Was wurde bereits unternommen?\n<\/p>\n<p><span class=\"wpcf7-form-control-wrap\" data-name=\"schadensbeschreibung\"><textarea cols=\"40\" rows=\"10\" maxlength=\"2000\" class=\"wpcf7-form-control wpcf7-textarea\" aria-invalid=\"false\" name=\"schadensbeschreibung\"><\/textarea><\/span>\n<\/p>\n<p>Bitte f\u00fcgen Sie hier bitte Bilder vom Mangel hinzu (optional)\n<\/p>\n<p><span class=\"wpcf7-form-control-wrap\" data-name=\"file-1\"><input size=\"40\" class=\"wpcf7-form-control wpcf7-file\" accept=\".jpg,.png,.pdf\" aria-invalid=\"false\" type=\"file\" name=\"file-1\" \/><\/span>\n<\/p>\n<p><span class=\"wpcf7-form-control-wrap\" data-name=\"file-2\"><input size=\"40\" class=\"wpcf7-form-control wpcf7-file\" accept=\".jpg,.png,.pdf\" aria-invalid=\"false\" type=\"file\" name=\"file-2\" \/><\/span>\n<\/p>\n<p><span class=\"wpcf7-form-control-wrap\" data-name=\"file-3\"><input size=\"40\" class=\"wpcf7-form-control wpcf7-file\" accept=\".jpg,.png,.pdf\" aria-invalid=\"false\" type=\"file\" name=\"file-3\" \/><\/span>\n<\/p>\n<p><span class=\"wpcf7-form-control-wrap\" data-name=\"file-4\"><input size=\"40\" class=\"wpcf7-form-control wpcf7-file\" accept=\".jpg,.png,.pdf\" aria-invalid=\"false\" type=\"file\" name=\"file-4\" \/><\/span>\n<\/p>\n<p><span class=\"wpcf7-form-control-wrap\" data-name=\"file-5\"><input size=\"40\" class=\"wpcf7-form-control wpcf7-file\" accept=\".jpg,.png,.pdf\" aria-invalid=\"false\" type=\"file\" name=\"file-5\" \/><\/span>\n<\/p>\n<p>Verifizierungscode\n<\/p>\n<p><input type=\"hidden\" name=\"_wpcf7_captcha_challenge_captcha-41\" value=\"1749949220\" \/><img loading=\"lazy\" decoding=\"async\" class=\"wpcf7-form-control wpcf7-captchac wpcf7-captcha-captcha-41\" width=\"72\" height=\"24\" alt=\"captcha\" src=\"https:\/\/www.hausverwaltung-alkenbrecher.de\/wp-content\/uploads\/wpcf7_captcha\/1749949220.png\" \/>\n<\/p>\n<p>Hiermit best\u00e4tige ich, dass ich die Datenschutzbestimmungen gelesen und akzeptiert habe:<br \/>\n<a href=\"https:\/\/www.hausverwaltung-alkenbrecher.de\/index.php\/datenschutz\/\">Datenschutzbestimmungen ansehen<\/a>\n<\/p>\n<p><span class=\"wpcf7-form-control-wrap\" data-name=\"checkbox-742\"><span class=\"wpcf7-form-control wpcf7-checkbox wpcf7-validates-as-required\"><span class=\"wpcf7-list-item first last\"><input type=\"checkbox\" name=\"checkbox-742[]\" value=\"Ja\" \/><span class=\"wpcf7-list-item-label\">Ja<\/span><\/span><\/span><\/span>\n<\/p>\n<p>Bitte geben Sie den angezeigten Verifizierungscode ein\n<\/p>\n<p><span class=\"wpcf7-form-control-wrap\" data-name=\"captcha-41\"><input size=\"40\" class=\"wpcf7-form-control wpcf7-captchar\" autocomplete=\"off\" aria-invalid=\"false\" value=\"\" type=\"text\" name=\"captcha-41\" \/><\/span>\n<\/p>\n<p><input class=\"wpcf7-form-control wpcf7-submit has-spinner\" type=\"submit\" value=\"Senden\" \/>\n<\/p><div class=\"wpcf7-response-output\" aria-hidden=\"true\"><\/div>\n<\/form>\n<\/div>\n\n","protected":false},"excerpt":{"rendered":"<p>Ebenso wie Sie sind wir daran interessiert, Ihre Liegenschaft in einem gepflegten Zustand zu halten.\u00a0Deshalb freuen wir uns \u00fcber jede Unterst\u00fctzung, wenn [&hellip;]<\/p>\n","protected":false},"author":1,"featured_media":0,"parent":7,"menu_order":3,"comment_status":"closed","ping_status":"closed","template":"","meta":{"footnotes":""},"class_list":["post-425","page","type-page","status-publish","hentry"],"_links":{"self":[{"href":"https:\/\/www.hausverwaltung-alkenbrecher.de\/index.php\/wp-json\/wp\/v2\/pages\/425","targetHints":{"allow":["GET"]}}],"collection":[{"href":"https:\/\/www.hausverwaltung-alkenbrecher.de\/index.php\/wp-json\/wp\/v2\/pages"}],"about":[{"href":"https:\/\/www.hausverwaltung-alkenbrecher.de\/index.php\/wp-json\/wp\/v2\/types\/page"}],"author":[{"embeddable":true,"href":"https:\/\/www.hausverwaltung-alkenbrecher.de\/index.php\/wp-json\/wp\/v2\/users\/1"}],"replies":[{"embeddable":true,"href":"https:\/\/www.hausverwaltung-alkenbrecher.de\/index.php\/wp-json\/wp\/v2\/comments?post=425"}],"version-history":[{"count":11,"href":"https:\/\/www.hausverwaltung-alkenbrecher.de\/index.php\/wp-json\/wp\/v2\/pages\/425\/revisions"}],"predecessor-version":[{"id":725,"href":"https:\/\/www.hausverwaltung-alkenbrecher.de\/index.php\/wp-json\/wp\/v2\/pages\/425\/revisions\/725"}],"up":[{"embeddable":true,"href":"https:\/\/www.hausverwaltung-alkenbrecher.de\/index.php\/wp-json\/wp\/v2\/pages\/7"}],"wp:attachment":[{"href":"https:\/\/www.hausverwaltung-alkenbrecher.de\/index.php\/wp-json\/wp\/v2\/media?parent=425"}],"curies":[{"name":"wp","href":"https:\/\/api.w.org\/{rel}","templated":true}]}}