{"id":467,"date":"2013-10-22T15:43:48","date_gmt":"2013-10-22T13:43:48","guid":{"rendered":"http:\/\/hausverwaltung-alkenbrecher.de\/?page_id=467"},"modified":"2024-01-11T10:58:48","modified_gmt":"2024-01-11T08:58:48","slug":"kurzvorstellung","status":"publish","type":"page","link":"https:\/\/www.hausverwaltung-alkenbrecher.de\/index.php\/das-unternehmen\/kurzvorstellung\/","title":{"rendered":"Das sind wir"},"content":{"rendered":"<p><span style=\"font-family: arial, helvetica, sans-serif;\">Seit 1996 verwalten wir erfolgreich die Immobilien unserer Kunden. Durch stetiges Wachstum betreuen unsere qualifizierten Mitarbeiter zum aktuellen Zeitpunkt \u00fcber 80 Wohneigentumsanlagen sowie Mietsh\u00e4user mit insgesamt mehr als 1700 Wohn- und Gesch\u00e4ftseinheiten. <\/span><\/p>\n<p><span style=\"font-family: arial, helvetica, sans-serif;\">Zur Philosophie der Alkenbrecher Haus- und Immobilienverwaltung GmbH geh\u00f6rt der pers\u00f6nliche und l\u00f6sungsorientierte Kontakt zwischen Mitarbeitern und Kunden. Um eine m\u00f6glichst effiziente und kundenfreundliche Kommunikation sicherzustellen, sind unsere Liegenschaften deshalb festen Ansprechpartnern zugeordnet. <\/span><\/p>\n<p><span style=\"font-family: arial, helvetica, sans-serif;\">Kommunikationswege bleiben somit m\u00f6glichst kurz und effizient, eine Anbindung an wichtige Themen durch den jeweiligen Bearbeiter ist stets sichergestellt. Aus Kundensicht f\u00fchrt dies im Ergebnis zu einer m\u00f6glichst individuellen und pers\u00f6nlichen Beratung.<\/span><\/p>\n<p><span style=\"font-family: arial, helvetica, sans-serif;\">Zur Sicherstellung einer sachlich korrekten Bearbeitung von durchaus komplexen und anspruchsvollen Aufgaben sowie der Sicherstellung der steigenden Anforderungen an eine professionelle Hausverwaltung f\u00fchren unsere Mitarbeiter selbstverst\u00e4ndlich regelm\u00e4\u00dfige Weiterbildungen durch. <\/span><\/p>\n<p><span style=\"font-family: arial, helvetica, sans-serif;\">Die im Unternehmen eingesetzte Hard- und Software befindet sich stets auf dem aktuellen Stand der Technik. Dies dient dem Schutz von sensiblen Kunden- und Objektdaten sowie der Datensicherheit und sorgt f\u00fcr f\u00fcr eine effiziente und rechtssichere Bearbeitung s\u00e4mtlicher Vorf\u00e4lle in der Immobilienverwaltung.<\/span><\/p>\n<p><span style=\"font-family: arial, helvetica, sans-serif;\"><strong>Zu den \u00fcblichen Verwaltert\u00e4tigkeiten bieten wir folgende Zusatzleistungen an:<\/strong><\/span><\/p>\n<ul>\n<li><span style=\"font-family: arial, helvetica, sans-serif;\">Telefonischer 24-Stunden Havariedienst<\/span><\/li>\n<li><span style=\"font-family: arial, helvetica, sans-serif;\">Rahmenvertrag zur Gaslieferung<\/span><\/li>\n<li><span style=\"font-family: arial, helvetica, sans-serif;\">Rahmenvertr\u00e4ge f\u00fcr die Geb\u00e4udeversicherung<\/span><\/li>\n<li><span style=\"font-family: arial, helvetica, sans-serif;\">Maklert\u00e4tigkeit<\/span><\/li>\n<\/ul>\n<p><span style=\"font-family: arial, helvetica, sans-serif;\"><strong>Alleinstellungsmerkmale:<\/strong><\/span><\/p>\n<ul>\n<li><span style=\"font-family: arial, helvetica, sans-serif;\">Nutzung einer professionellen Hausverwaltungssoftware f\u00fcr die Erstellung ordnungsgem\u00e4\u00dfer Abrechnungen, Wirtschaftspl\u00e4ne. F\u00fchrung einer Finanzbuchhaltung mit automatischem Kontenabgleich per e-Banking<\/span><\/li>\n<\/ul>\n<ul>\n<li><span style=\"font-family: arial, helvetica, sans-serif;\">Interner Einsatz einer eigenen Projektmanagementsoftware, dadurch:<\/span>\n<ul>\n<li><span style=\"font-family: arial, helvetica, sans-serif;\">z\u00fcgige und l\u00f6sungsorientierte Bearbeitung von Gro\u00dfreparaturen, Sanierungen und Versammlungsbeschl\u00fcssen<\/span><\/li>\n<li><span style=\"font-family: arial, helvetica, sans-serif;\">Tracking s\u00e4mtlicher\u00a0Zwischenschritte von Beginn der Bearbeitung bis zum aktuellen Status<\/span><\/li>\n<\/ul>\n<\/li>\n<\/ul>\n<ul>\n<li><span style=\"font-family: arial, helvetica, sans-serif;\">Professionelle Vor- und Nachbereitung von Eigent\u00fcmerversammlungen durch den Einsatz einer eigenen Softwarel\u00f6sung, dadurch:<\/span>\n<ul>\n<li><span style=\"font-family: arial, helvetica, sans-serif;\">klare und \u00fcbersichtliche Darstellung von Tagesordnungspunkten<\/span><\/li>\n<li><span style=\"font-family: arial, helvetica, sans-serif;\">Nutzung einheitlicher und gepr\u00fcfter Beschlussvorlagen, die stets der aktuellen Rechtssprechung angepasst werden<\/span><\/li>\n<\/ul>\n<\/li>\n<\/ul>\n<p><span style=\"font-family: arial, helvetica, sans-serif;\">Wenn Sie auf der Suche nach einer etablierten und professionellen Hausverwaltung sind, sei es begr\u00fcndet durch einen Wechsel des Verwalters oder den Erstabschluss eines Verwaltervertrages, dann sind wir der richtige Ansprechpartner. Kontaktieren Sie uns, wir erstellen kurzfristig und unverbindlich ein attraktives Angebot.<\/span><\/p>\n<p><span style=\"font-family: arial, helvetica, sans-serif;\">Details zu unserem vielseitigen Leistungsspektrum finden Sie <a title=\"Leistungen\" href=\"https:\/\/www.hausverwaltung-alkenbrecher.de\/index.php\/angebote2\/\">hier.<\/a><\/span><\/p>\n","protected":false},"excerpt":{"rendered":"<p>Seit 1996 verwalten wir erfolgreich die Immobilien unserer Kunden. Durch stetiges Wachstum betreuen unsere qualifizierten Mitarbeiter zum aktuellen Zeitpunkt \u00fcber 80 Wohneigentumsanlagen [&hellip;]<\/p>\n","protected":false},"author":1,"featured_media":537,"parent":11,"menu_order":0,"comment_status":"closed","ping_status":"open","template":"page-templates\/page_fullwidth.php","meta":{"footnotes":""},"class_list":["post-467","page","type-page","status-publish","has-post-thumbnail","hentry"],"_links":{"self":[{"href":"https:\/\/www.hausverwaltung-alkenbrecher.de\/index.php\/wp-json\/wp\/v2\/pages\/467","targetHints":{"allow":["GET"]}}],"collection":[{"href":"https:\/\/www.hausverwaltung-alkenbrecher.de\/index.php\/wp-json\/wp\/v2\/pages"}],"about":[{"href":"https:\/\/www.hausverwaltung-alkenbrecher.de\/index.php\/wp-json\/wp\/v2\/types\/page"}],"author":[{"embeddable":true,"href":"https:\/\/www.hausverwaltung-alkenbrecher.de\/index.php\/wp-json\/wp\/v2\/users\/1"}],"replies":[{"embeddable":true,"href":"https:\/\/www.hausverwaltung-alkenbrecher.de\/index.php\/wp-json\/wp\/v2\/comments?post=467"}],"version-history":[{"count":34,"href":"https:\/\/www.hausverwaltung-alkenbrecher.de\/index.php\/wp-json\/wp\/v2\/pages\/467\/revisions"}],"predecessor-version":[{"id":2146,"href":"https:\/\/www.hausverwaltung-alkenbrecher.de\/index.php\/wp-json\/wp\/v2\/pages\/467\/revisions\/2146"}],"up":[{"embeddable":true,"href":"https:\/\/www.hausverwaltung-alkenbrecher.de\/index.php\/wp-json\/wp\/v2\/pages\/11"}],"wp:featuredmedia":[{"embeddable":true,"href":"https:\/\/www.hausverwaltung-alkenbrecher.de\/index.php\/wp-json\/wp\/v2\/media\/537"}],"wp:attachment":[{"href":"https:\/\/www.hausverwaltung-alkenbrecher.de\/index.php\/wp-json\/wp\/v2\/media?parent=467"}],"curies":[{"name":"wp","href":"https:\/\/api.w.org\/{rel}","templated":true}]}}