{"id":701,"date":"2013-12-19T23:51:06","date_gmt":"2013-12-19T21:51:06","guid":{"rendered":"http:\/\/hausverwaltung-alkenbrecher.de\/?page_id=701"},"modified":"2023-08-07T09:36:49","modified_gmt":"2023-08-07T07:36:49","slug":"ihr-weg-zu-uns","status":"publish","type":"page","link":"https:\/\/www.hausverwaltung-alkenbrecher.de\/index.php\/kontakt\/ihr-weg-zu-uns\/","title":{"rendered":"Routenplaner"},"content":{"rendered":"<p>Wir betreuen Sie gern im Rahmen eines pers\u00f6nlichen Gespr\u00e4chs nach vorheriger Terminabstimmung.<\/p>\n<h3>B\u00fcro<\/h3>\n<p>Alkenbrecher Haus- und Immobilienverwaltung GmbH<\/p>\n<p>Schillerstra\u00dfe 4<\/p>\n<p>99096 Erfurt<\/p>\n","protected":false},"excerpt":{"rendered":"<p>Wir betreuen Sie gern im Rahmen eines pers\u00f6nlichen Gespr\u00e4chs nach vorheriger Terminabstimmung. B\u00fcro Alkenbrecher Haus- und Immobilienverwaltung GmbH Schillerstra\u00dfe 4 99096 Erfurt<\/p>\n","protected":false},"author":1,"featured_media":0,"parent":814,"menu_order":0,"comment_status":"closed","ping_status":"open","template":"page-templates\/page_fullwidth.php","meta":{"footnotes":""},"class_list":["post-701","page","type-page","status-publish","hentry"],"_links":{"self":[{"href":"https:\/\/www.hausverwaltung-alkenbrecher.de\/index.php\/wp-json\/wp\/v2\/pages\/701","targetHints":{"allow":["GET"]}}],"collection":[{"href":"https:\/\/www.hausverwaltung-alkenbrecher.de\/index.php\/wp-json\/wp\/v2\/pages"}],"about":[{"href":"https:\/\/www.hausverwaltung-alkenbrecher.de\/index.php\/wp-json\/wp\/v2\/types\/page"}],"author":[{"embeddable":true,"href":"https:\/\/www.hausverwaltung-alkenbrecher.de\/index.php\/wp-json\/wp\/v2\/users\/1"}],"replies":[{"embeddable":true,"href":"https:\/\/www.hausverwaltung-alkenbrecher.de\/index.php\/wp-json\/wp\/v2\/comments?post=701"}],"version-history":[{"count":5,"href":"https:\/\/www.hausverwaltung-alkenbrecher.de\/index.php\/wp-json\/wp\/v2\/pages\/701\/revisions"}],"predecessor-version":[{"id":2178,"href":"https:\/\/www.hausverwaltung-alkenbrecher.de\/index.php\/wp-json\/wp\/v2\/pages\/701\/revisions\/2178"}],"up":[{"embeddable":true,"href":"https:\/\/www.hausverwaltung-alkenbrecher.de\/index.php\/wp-json\/wp\/v2\/pages\/814"}],"wp:attachment":[{"href":"https:\/\/www.hausverwaltung-alkenbrecher.de\/index.php\/wp-json\/wp\/v2\/media?parent=701"}],"curies":[{"name":"wp","href":"https:\/\/api.w.org\/{rel}","templated":true}]}}